{"id":12,"date":"2012-12-15T04:36:40","date_gmt":"2012-12-15T04:36:40","guid":{"rendered":"http:\/\/die-formularexperten.de\/?page_id=12"},"modified":"2019-12-23T09:24:54","modified_gmt":"2019-12-23T09:24:54","slug":"home","status":"publish","type":"page","link":"https:\/\/www.formulardruck-schmid.de\/","title":{"rendered":"Home"},"content":{"rendered":"<div class=\"carousel-container\">\n<div id=\"carousel\">\n<div class=\"carousel-feature\"><a href=\"#\"><img decoding=\"async\" class=\"carousel-image\" src=\"wp-content\/themes\/twentyeleven-old\/images\/gallery\/sample1.jpg\" alt=\"Image Caption\" \/><\/a><\/div>\n<div class=\"carousel-feature\"><a href=\"#\"><img decoding=\"async\" class=\"carousel-image\" src=\"wp-content\/themes\/twentyeleven-old\/images\/gallery\/sample2.jpg\" alt=\"Image Caption\" \/><\/a><\/div>\n<div class=\"carousel-feature\"><a href=\"#\"><img decoding=\"async\" class=\"carousel-image\" src=\"wp-content\/themes\/twentyeleven-old\/images\/gallery\/sample3.jpg\" alt=\"Image Caption\" \/><\/a><\/div>\n<div class=\"carousel-feature\"><a href=\"#\"><img decoding=\"async\" class=\"carousel-image\" src=\"wp-content\/themes\/twentyeleven-old\/images\/gallery\/sample4.jpg\" alt=\"Image Caption\" \/><\/a><\/div>\n<div class=\"carousel-feature\"><a href=\"#\"><img decoding=\"async\" class=\"carousel-image\" src=\"wp-content\/themes\/twentyeleven-old\/images\/gallery\/sample5.jpg\" alt=\"Image Caption\" \/><\/a><\/div>\n<\/div>\n<\/div>\n<div id=\"images\">\n<div class=\"content\">\n<div class=\"head\">Willkommen auf der Homepage von<\/div>\n<div class=\"heading\">Formulardruck Schmid<\/div>\n<div class=\"desc\">Wir sind eine kleinere aber extrem spezialisierte Druckerei. Seit 1979 liefern wir f\u00fcr Kunden aus ganz Deutschland ausschlie\u00dflich Endlos-formulare und Durchschreibes\u00e4tze aller Art, die wir auf eigens daf\u00fcr entwickelten Formular-Rollenoffset-Druckmaschinen (14 Druckwerke) und Formular-Rollen-Zusammentragmaschinen herstellen.<\/div>\n<div class=\"desc\">Unsere Leidenschaft f\u00fcr ein heute vielleicht altert\u00fcmliches Produkt f\u00fchrt zu perfekter Qualit\u00e4t, echter Beratung und<\/div>\n<div class=\"heading\" style=\"text-align: right;\">extrem g\u00fcnstigen Preisen!<\/div>\n<div class=\"desc\">Denn wir sind der einzige OEM-Hersteller, und machen selbst \u201cdie L\u00f6cher ins Papier\u201d! Fordern Sie jetzt Ihr gratis Musterpaket an!<\/div>\n<\/div>\n<div style=\"width: 920px; overflow: hidden; padding-left: 30px; padding-top: 25px;\">\n<div style=\"width: 300px; float: left; border-right: 1px dotted #2C479D; text-align: center;\">\n<p><span class=\"head\">Produkte<\/span><\/p>\n<p style=\"font-size: 15px; text-align: left; padding-left: 12px;\"><a href=\"?page_id=47\">Endlospapier<\/a>, <a href=\"?page_id=50\">Schnelltrenns\u00e4tze<\/a>, und<br \/>\n<strong>&#8222;alles was durchschreibt&#8220;<\/strong> stellen wir f\u00fcr Sie her, und liefern dies auf Wunsch auch neutral frei Haus.<br \/>\nH\u00e4ndlerkonditionen verf\u00fcgbar.<\/p>\n<div style=\"float: right; padding-right: 5px;\"><a href=\"?page_id=14\">Weiter..<\/a><\/div>\n<\/div>\n<div style=\"width: 300px; float: left; border-right: 1px dotted #2C479D; text-align: center;\">\n<p><span class=\"head\">Qualit\u00e4t<\/span><\/p>\n<p style=\"font-size: 15px; text-align: left; padding-left: 12px;\">Die Endloss\u00e4tze produziert in heavy duty Ausf\u00fchrung sind besonders geeignet f\u00fcr <strong>\u00e4ltere anspruchsvolle Nadeldrucker<\/strong>.<br \/>\nAls sehr flexibler Betrieb k\u00f6nnen wir <strong>k\u00fcrzeste Lieferzeiten<\/strong>, z.B. 24h, anbieten.<\/p>\n<div style=\"float: right; padding-right: 5px;\"><a href=\"?page_id=16\">Weiter..<\/a><\/div>\n<\/div>\n<div style=\"width: 275px; float: left; text-align: center;\">\n<p><span class=\"head\">Adresse \/ Kontakt<br \/>\n<\/span><\/p>\n<p style=\"font-size: 15px; text-align: left; padding-left: 12px;\">Formulardruck Schmid e.K.<br \/>\nDieselstra\u00dfe 1<br \/>\n85055 Ingolstadt<br \/>\nTel: 0841 33408<br \/>\nmail@formulardruck-schmid.de<\/p>\n<\/div>\n<\/div>\n<\/div>\n","protected":false},"excerpt":{"rendered":"<p>Willkommen auf der Homepage von Formulardruck Schmid Wir sind eine kleinere aber extrem spezialisierte Druckerei. Seit 1979 liefern wir f\u00fcr Kunden aus ganz Deutschland ausschlie\u00dflich Endlos-formulare und Durchschreibes\u00e4tze aller Art, die wir auf eigens daf\u00fcr entwickelten Formular-Rollenoffset-Druckmaschinen (14 Druckwerke) und &hellip; <a href=\"https:\/\/www.formulardruck-schmid.de\/\">Weiterlesen <span class=\"meta-nav\">&rarr;<\/span><\/a><\/p>\n","protected":false},"author":2,"featured_media":0,"parent":0,"menu_order":0,"comment_status":"open","ping_status":"open","template":"","meta":{"footnotes":""},"class_list":["post-12","page","type-page","status-publish","hentry"],"_links":{"self":[{"href":"https:\/\/www.formulardruck-schmid.de\/index.php?rest_route=\/wp\/v2\/pages\/12","targetHints":{"allow":["GET"]}}],"collection":[{"href":"https:\/\/www.formulardruck-schmid.de\/index.php?rest_route=\/wp\/v2\/pages"}],"about":[{"href":"https:\/\/www.formulardruck-schmid.de\/index.php?rest_route=\/wp\/v2\/types\/page"}],"author":[{"embeddable":true,"href":"https:\/\/www.formulardruck-schmid.de\/index.php?rest_route=\/wp\/v2\/users\/2"}],"replies":[{"embeddable":true,"href":"https:\/\/www.formulardruck-schmid.de\/index.php?rest_route=%2Fwp%2Fv2%2Fcomments&post=12"}],"version-history":[{"count":34,"href":"https:\/\/www.formulardruck-schmid.de\/index.php?rest_route=\/wp\/v2\/pages\/12\/revisions"}],"predecessor-version":[{"id":300,"href":"https:\/\/www.formulardruck-schmid.de\/index.php?rest_route=\/wp\/v2\/pages\/12\/revisions\/300"}],"wp:attachment":[{"href":"https:\/\/www.formulardruck-schmid.de\/index.php?rest_route=%2Fwp%2Fv2%2Fmedia&parent=12"}],"curies":[{"name":"wp","href":"https:\/\/api.w.org\/{rel}","templated":true}]}}