{"id":16,"date":"2012-12-15T04:37:31","date_gmt":"2012-12-15T04:37:31","guid":{"rendered":"http:\/\/die-formularexperten.de\/?page_id=16"},"modified":"2015-06-17T12:35:39","modified_gmt":"2015-06-17T12:35:39","slug":"qualitat","status":"publish","type":"page","link":"https:\/\/www.formulardruck-schmid.de\/?page_id=16","title":{"rendered":"Qualit\u00e4t"},"content":{"rendered":"<div id=\"images\">\n<div class=\"content\" style=\"padding-top: 0px; padding-bottom: 300px;\">\n<div class=\"head\" style=\"text-align: left;\">Endlosformulare in heavy duty Ausf\u00fchrung<\/div>\n<div class=\"desc\">f\u00fcr starke Beanspruchung, insbesondere f\u00fcr \u00e4ltere Nadeldrucker.<\/p>\n<ul>\n<li style=\"text-align: left;\">Crimplock der Laserklasse, f\u00fcr besonders guten Halt, randscharf und besonders staubarm<\/li>\n<li style=\"text-align: left;\">Strich- oder Mikroperforation in Crash-Ausf\u00fchrung, eine durchgehende Perforation, f\u00fcr besonders sanfte Trennung.<\/li>\n<li style=\"text-align: left;\">Multiflexheftung (sofern bestellt) ohne Stanzlocherweiterung, f\u00fcr dauerhaften Halt bei stabilem Lauf<\/li>\n<\/ul>\n<div class=\"desc\"><strong>Material:<\/strong> deutsches Markenpapier REACTO von Koehler aus Kehl,<br \/>\nproduziert nach deutschen Gesundheits-\/Sicherheitsvorschriften<\/p>\n<div class=\"desc\">\n<div class=\"desc\"><strong>Produktion:<\/strong> in Deutschland, in unserem Standort Ingolstadt.<\/p>\n<div class=\"desc\"><strong>Lieferzeiten:<\/strong> normale Lieferzeit: 5 &#8211; 7 Werktage,<br \/>\nk\u00fcrzere Zeiten nach Auftragslage auch kostenfrei m\u00f6glich.<br \/>\n24h Express m\u00f6glich, bitte telefonisch nachfragen.<\/div>\n<\/div>\n<\/div>\n<\/div>\n<\/div>\n<\/div>\n","protected":false},"excerpt":{"rendered":"<p>Endlosformulare in heavy duty Ausf\u00fchrung f\u00fcr starke Beanspruchung, insbesondere f\u00fcr \u00e4ltere Nadeldrucker. Crimplock der Laserklasse, f\u00fcr besonders guten Halt, randscharf und besonders staubarm Strich- oder Mikroperforation in Crash-Ausf\u00fchrung, eine durchgehende Perforation, f\u00fcr besonders sanfte Trennung. Multiflexheftung (sofern bestellt) ohne Stanzlocherweiterung, &hellip; <a href=\"https:\/\/www.formulardruck-schmid.de\/?page_id=16\">Weiterlesen <span class=\"meta-nav\">&rarr;<\/span><\/a><\/p>\n","protected":false},"author":2,"featured_media":0,"parent":0,"menu_order":0,"comment_status":"open","ping_status":"open","template":"","meta":{"footnotes":""},"class_list":["post-16","page","type-page","status-publish","hentry"],"_links":{"self":[{"href":"https:\/\/www.formulardruck-schmid.de\/index.php?rest_route=\/wp\/v2\/pages\/16","targetHints":{"allow":["GET"]}}],"collection":[{"href":"https:\/\/www.formulardruck-schmid.de\/index.php?rest_route=\/wp\/v2\/pages"}],"about":[{"href":"https:\/\/www.formulardruck-schmid.de\/index.php?rest_route=\/wp\/v2\/types\/page"}],"author":[{"embeddable":true,"href":"https:\/\/www.formulardruck-schmid.de\/index.php?rest_route=\/wp\/v2\/users\/2"}],"replies":[{"embeddable":true,"href":"https:\/\/www.formulardruck-schmid.de\/index.php?rest_route=%2Fwp%2Fv2%2Fcomments&post=16"}],"version-history":[{"count":5,"href":"https:\/\/www.formulardruck-schmid.de\/index.php?rest_route=\/wp\/v2\/pages\/16\/revisions"}],"predecessor-version":[{"id":150,"href":"https:\/\/www.formulardruck-schmid.de\/index.php?rest_route=\/wp\/v2\/pages\/16\/revisions\/150"}],"wp:attachment":[{"href":"https:\/\/www.formulardruck-schmid.de\/index.php?rest_route=%2Fwp%2Fv2%2Fmedia&parent=16"}],"curies":[{"name":"wp","href":"https:\/\/api.w.org\/{rel}","templated":true}]}}