{"id":18,"date":"2012-12-15T04:37:51","date_gmt":"2012-12-15T04:37:51","guid":{"rendered":"http:\/\/die-formularexperten.de\/?page_id=18"},"modified":"2016-04-27T12:37:06","modified_gmt":"2016-04-27T12:37:06","slug":"anfrageformular","status":"publish","type":"page","link":"https:\/\/www.formulardruck-schmid.de\/?page_id=18","title":{"rendered":"Anfrageformular"},"content":{"rendered":"<div id=\"images\">\n<div class=\"content\" style=\"padding-top: 7px; padding-bottom: 125px;\">\n<div class=\"desc\">\n<div class=\"desc\">\n<div class=\"desc\">\n<div class=\"desc\">\n<div class=\"desc\">\n<div class=\"head\" style=\"text-align: left;\">Anfragem\u00f6glichkeiten<\/div>\n<ul>\n<li style=\"text-align: left;\">Rufen Sie uns an: 0841-33408.<br \/>\nWir kennen alle g\u00e4ngigen Fragen und haben die Antworten.<\/li>\n<li style=\"text-align: left;\">F\u00fcr Endlosformulare finden Sie hier Erkl\u00e4rungen und Informationen: <a href=\"wp-content\/themes\/twentyeleven\/pdf\/FDS_Anfrageformular_V53_fax.pdf\" target=\"_blank\">FDS-INFO+Anfrage-PDF<\/a><\/li>\n<li style=\"text-align: left;\">Schicken Sie uns einfach ein Muster &#8211;\u00a0 wir senden dann ein Angebot per email.<\/li>\n<li style=\"text-align: left;\">Oder nutzen Sie das Anfrage und Kontakt-Formular:<\/li>\n<\/ul>\n<div class=\"desc\">\n<div class=\"desc\">\n<div class=\"desc\">\n<div class=\"desc\">\n\n\n<!-- Fast Secure Contact Form plugin 4.0.52 - begin - FastSecureContactForm.com -->\r\n<div style=\"clear:both;\"><\/div>\n<p><\/p>\r\n<div id=\"FSContact1\" style=\"width:99%; max-width:555px;\">\r\n<form enctype=\"multipart\/form-data\" action=\"https:\/\/www.formulardruck-schmid.de\/index.php?rest_route=%2Fwp%2Fv2%2Fpages%2F18#FSContact1\" id=\"fscf_form1\" method=\"post\">\r\n\n<div id=\"fscf_div_clear1_0\" style=\"clear:both;\">\n  <div id=\"fscf_div_field1_0\" style=\"clear:left; float:left; width:99%; max-width:550px; margin-right:10px;\">\r\n    <div style=\"text-align:left; padding-top:5px;\">\n      <label style=\"text-align:left;\" for=\"fscf_name1\">Name:<span style=\"text-align:left;\">*<\/span><\/label>\n    <\/div>\r\n    <div style=\"text-align:left;\">\r\n      <input style=\"text-align:left; margin:0; width:99%; max-width:250px;\" type=\"text\" id=\"fscf_name1\" name=\"full_name\" value=\"Ansprechpartner (m\/w\/d)\"  \/>\r\n    <\/div>\r\n  <\/div>\n<\/div>\n\n<div id=\"fscf_div_clear1_14\" style=\"clear:both;\">\n  <div id=\"fscf_div_field1_14\" style=\"clear:left; float:left; width:99%; max-width:550px; margin-right:10px;\">\n    <div  id=\"fscf_label1_14\" style=\"text-align:left; padding-top:5px;\">\r\n      <label style=\"text-align:left;\" for=\"fscf_field1_14\">Ihre Anschrift und Firmierung:<\/label>\n    <\/div>\n    <div style=\"text-align:left;\">\n      <textarea style=\"text-align:left; margin:0; width:99%; max-width:250px; height:120px;\" id=\"fscf_field1_14\" name=\"Anschrift\" cols=\"30\" rows=\"10\" ><\/textarea>\n    <\/div>\n  <\/div>\n<\/div>\n\n<div id=\"fscf_div_clear1_4\" style=\"clear:both;\">\n  <div id=\"fscf_div_field1_4\" style=\"clear:left; float:left; width:99%; max-width:550px; margin-right:10px;\">\n    <div  id=\"fscf_label1_4\" style=\"text-align:left; padding-top:5px;\">\r\n      <label style=\"text-align:left;\" for=\"fscf_field1_4\">Telefon:<span style=\"text-align:left;\">*<\/span><\/label>\n    <\/div>\n    <div style=\"text-align:left;\">\n      <input style=\"text-align:left; margin:0; width:99%; max-width:250px;\" type=\"text\" id=\"fscf_field1_4\" name=\"tel\" value=\"\"  maxlength=\"20\" \/>\n    <\/div>\n  <\/div>\n<\/div>\n\n<div id=\"fscf_div_clear1_1\" style=\"clear:both;\">\n  <div id=\"fscf_div_field1_1\" style=\"clear:left; float:left; width:99%; max-width:550px; margin-right:10px;\">\n    <div style=\"text-align:left; padding-top:5px;\">\n      <label style=\"text-align:left;\" for=\"fscf_email1\">Email:<span style=\"text-align:left;\">*<\/span><\/label>\n    <\/div>\n    <div style=\"text-align:left;\">\n      <input style=\"text-align:left; margin:0; width:99%; max-width:250px;\" type=\"text\" id=\"fscf_email1\" name=\"email\" value=\"\"  \/>\n    <\/div>\n  <\/div>\n<\/div>\n\n<div id=\"fscf_div_clear1_5\" style=\"clear:both;\">\n  <div id=\"fscf_div_field1_5\" style=\"clear:left; float:left; width:99%; max-width:550px; margin-right:10px;\">\n    <div  id=\"fscf_label1_5\" style=\"text-align:left; padding-top:5px;\">\r\n      <label style=\"text-align:left;\" for=\"fscf_field1_5\">Es handelt sich um einen:<span style=\"text-align:left;\">*<\/span><\/label>\n    <\/div>\n    <div style=\"text-align:left;\">\n      <select style=\"text-align:left;\" id=\"fscf_field1_5\" name=\"art[]\">\n        <option value=\"1\">Endlospapier (Transportlochrand links und rechts)<\/option>\n        <option value=\"2\">Schnelltrennsatz (eine Trennleiste, meist am Kopf)<\/option>\n        <option value=\"3\">Snap-Out-Satz (zwei Trennleisten, an Kopf und Fu\u00df)<\/option>\n        <option value=\"4\">Trennsatz (keine Trennleisten)<\/option>\n        <option value=\"5\">Unbekannt - Empfehlung gew\u00fcnscht<\/option>\n      <\/select>\n    <\/div>\n  <\/div>\n<\/div>\n\n<div id=\"fscf_div_clear1_18\" style=\"clear:both;\">\n  <div id=\"fscf_div_field1_18\" style=\"clear:left; float:left; width:99%; max-width:550px; margin-right:10px;\">\n    <div  id=\"fscf_label1_18\" style=\"text-align:left; padding-top:5px;\">\r\n      <label style=\"text-align:left;\" for=\"fscf_field1_18\">Format:<span style=\"text-align:left;\">*<\/span><\/label>\n    <\/div>\n    <div style=\"text-align:left;\">\n      <select style=\"text-align:left;\" id=\"fscf_field1_18\" name=\"format[]\">\n        <option value=\"1\">12&quot; x 24cm (240 x 305mm) Standard Endloss\u00e4tze<\/option>\n        <option value=\"2\">8&quot; x 24cm (240 x 203mm) nur Endloss\u00e4tze<\/option>\n        <option value=\"3\">6&quot; x 24cm (240 x 152,4mm) nur Endloss\u00e4tze<\/option>\n        <option value=\"4\">4&quot; x 24cm (240 x 101,6mm) nur Endloss\u00e4tze<\/option>\n        <option value=\"5\">8&quot; x 33cm (330 x 203mm) nur Endloss\u00e4tze<\/option>\n        <option value=\"6\">DIN A4 (210 x 297mm)<\/option>\n        <option value=\"7\">DIN A5 hoch (148 x 210mm)<\/option>\n        <option value=\"8\">DIN A5 quer (210 x 148mm)<\/option>\n        <option value=\"9\">1\/6 DIN (ca 210 x 210mm)<\/option>\n        <option value=\"10\">Sonstige<\/option>\n      <\/select>\n    <\/div>\n  <\/div>\n<\/div>\n\n<div id=\"fscf_div_clear1_6\" style=\"clear:both;\">\n  <div id=\"fscf_div_field1_6\" style=\"clear:left; float:left; width:99%; max-width:550px; margin-right:10px;\">\n    <div  id=\"fscf_label1_6\" style=\"text-align:left; padding-top:5px;\">\r\n      <label style=\"text-align:left;\" for=\"fscf_field1_6\">Papiere:<\/label>\n    <\/div>\n    <div style=\"text-align:left;\">\n      <select style=\"text-align:left;\" id=\"fscf_field1_6\" name=\"1[]\">\n        <option value=\"1\" selected=\"selected\">- bitte ausw\u00e4hlen -<\/option>\n        <option value=\"2\">Blatt 1 - Deckblatt 80 g\/m\u00b2 wei\u00df<\/option>\n        <option value=\"3\">Blatt 1 - Deckblatt 60 g\/m\u00b2 wei\u00df<\/option>\n        <option value=\"4\">Blatt 1 - Deckblatt 60 g\/m\u00b2 farbig<\/option>\n        <option value=\"5\">Offsetpapier nicht selbstdurchschreibend<\/option>\n      <\/select>\n    <\/div>\n  <\/div>\n<\/div>\n\n<div id=\"fscf_div_clear1_7\" style=\"clear:both;\">\n  <div id=\"fscf_div_field1_7\" style=\"clear:left; float:left; width:99%; max-width:550px; margin-right:10px;\">\n    <div  id=\"fscf_label1_7\" style=\"text-align:left; padding-top:5px;\">\n    <\/div>\n    <div style=\"text-align:left;\">\n      <select style=\"text-align:left;\" id=\"fscf_field1_7\" name=\"2[]\">\n        <option value=\"1\" selected=\"selected\">- bitte ausw\u00e4hlen -<\/option>\n        <option value=\"2\">Blatt 2 - Durchschlag 60 g\/m\u00b2 wei\u00df<\/option>\n        <option value=\"3\">Blatt 2 - Durchschlag 60 g\/m\u00b2 rosa<\/option>\n        <option value=\"4\">Blatt 2 - Durchschlag 60 g\/m\u00b2 gelb<\/option>\n        <option value=\"5\">Blatt 2 - Durchschlag 60 g\/m\u00b2 gr\u00fcn<\/option>\n        <option value=\"6\">Blatt 2 - Durchschlag 60 g\/m\u00b2 hellblau<\/option>\n        <option value=\"7\">Sonderpapier (bitte bei Sonstiges angeben)<\/option>\n        <option value=\"8\">kein Blatt 2<\/option>\n      <\/select>\n    <\/div>\n  <\/div>\n<\/div>\n\n<div id=\"fscf_div_clear1_8\" style=\"clear:both;\">\n  <div id=\"fscf_div_field1_8\" style=\"clear:left; float:left; width:99%; max-width:550px; margin-right:10px;\">\n    <div  id=\"fscf_label1_8\" style=\"text-align:left; padding-top:5px;\">\n    <\/div>\n    <div style=\"text-align:left;\">\n      <select style=\"text-align:left;\" id=\"fscf_field1_8\" name=\"3[]\">\n        <option value=\"1\" selected=\"selected\">- bitte ausw\u00e4hlen -<\/option>\n        <option value=\"2\">Blatt 3 - Durchschlag 60 g\/m\u00b2 wei\u00df<\/option>\n        <option value=\"3\">Blatt 3 - Durchschlag 60 g\/m\u00b2 rosa<\/option>\n        <option value=\"4\">Blatt 3 - Durchschlag 60 g\/m\u00b2 gelb<\/option>\n        <option value=\"5\">Blatt 3 - Durchschlag 60 g\/m\u00b2 gr\u00fcn<\/option>\n        <option value=\"6\">Blatt 3 - Durchschlag 60 g\/m\u00b2 hellblau<\/option>\n        <option value=\"7\">Sonderpapier (bitte bei Sonstiges angeben)<\/option>\n        <option value=\"8\">kein Blatt 3<\/option>\n      <\/select>\n    <\/div>\n  <\/div>\n<\/div>\n\n<div id=\"fscf_div_clear1_9\" style=\"clear:both;\">\n  <div id=\"fscf_div_field1_9\" style=\"clear:left; float:left; width:99%; max-width:550px; margin-right:10px;\">\n    <div  id=\"fscf_label1_9\" style=\"text-align:left; padding-top:5px;\">\n    <\/div>\n    <div style=\"text-align:left;\">\n      <select style=\"text-align:left;\" id=\"fscf_field1_9\" name=\"4[]\">\n        <option value=\"1\" selected=\"selected\">- bitte ausw\u00e4hlen -<\/option>\n        <option value=\"2\">Blatt 4 - Durchschlag 60 g\/m\u00b2 wei\u00df<\/option>\n        <option value=\"3\">Blatt 4 - Durchschlag 60 g\/m\u00b2 rosa<\/option>\n        <option value=\"4\">Blatt 4 - Durchschlag 60 g\/m\u00b2 gelb<\/option>\n        <option value=\"5\">Blatt 4 - Durchschlag 60 g\/m\u00b2 gr\u00fcn<\/option>\n        <option value=\"6\">Blatt 4 - Durchschlag 60 g\/m\u00b2 hellblau<\/option>\n        <option value=\"7\">Sonderpapier (bitte bei Sonstiges angeben)<\/option>\n        <option value=\"8\">kein Blatt 4<\/option>\n      <\/select>\n    <\/div>\n  <\/div>\n<\/div>\n\n<div id=\"fscf_div_clear1_17\" style=\"clear:both;\">\n  <div id=\"fscf_div_field1_17\" style=\"clear:left; float:left; width:99%; max-width:550px; margin-right:10px;\">\n    <div  id=\"fscf_label1_17\" style=\"text-align:left; padding-top:5px;\">\n    <\/div>\n    <div style=\"text-align:left;\">\n      <select style=\"text-align:left;\" id=\"fscf_field1_17\" name=\"P5[]\">\n        <option value=\"1\" selected=\"selected\">Blatt 5 - Durchschlag 60 g\/m\u00b2 wei\u00df<\/option>\n        <option value=\"2\">Blatt 5 - Durchschlag 60 g\/m\u00b2 rosa<\/option>\n        <option value=\"3\">Blatt 5 - Durchschlag 60 g\/m\u00b2 gelb<\/option>\n        <option value=\"4\">Blatt 5 - Durchschlag 60 g\/m\u00b2 gr\u00fcn<\/option>\n        <option value=\"5\">Blatt 5 - Durchschlag 60 g\/m\u00b2 hellblau<\/option>\n        <option value=\"6\">Sonderpapier (bitte bei Sonstiges angeben)<\/option>\n        <option value=\"7\">- bitte ausw\u00e4hlen -<\/option>\n        <option value=\"8\">kein Blatt 5<\/option>\n      <\/select>\n    <\/div>\n\n    <div style=\"clear:both;\"><\/div>\n<p> <\/p>\n\n  <\/div>\n<\/div>\n\n<div id=\"fscf_div_clear1_11\" style=\"clear:both;\">\n  <div id=\"fscf_div_field1_11\" style=\"clear:left; float:left; width:99%; max-width:550px; margin-right:10px;\">\n    <div  id=\"fscf_label1_11\" style=\"text-align:left; padding-top:5px;\">\r\n      <label style=\"text-align:left;\" for=\"fscf_field1_11\">Druck: Vorderseite \/ R\u00fcckseite<\/label>\n    <\/div>\n    <div style=\"text-align:left;\">\n      <select style=\"text-align:left;\" id=\"fscf_field1_11\" name=\"Druckfarben[]\">\n        <option value=\"1\">blanko - unbedruckt<\/option>\n        <option value=\"2\">1-farbig schwarz<\/option>\n        <option value=\"3\">1-farbig eine Buntfarbe<\/option>\n        <option value=\"4\">2-farbig schwarz + Buntfarbe<\/option>\n        <option value=\"5\">2-farbig zwei Buntfarben<\/option>\n        <option value=\"6\">3-farbig schwarz + zwei Buntfarben<\/option>\n        <option value=\"7\">4-farbig vier Buntfarben<\/option>\n        <option value=\"8\">4-farbig CMYK Euroskala<\/option>\n        <option value=\"9\">Beratung gew\u00fcnscht<\/option>\n      <\/select>\n    <\/div>\n  <\/div>\n<\/div>\n\n<div id=\"fscf_div_clear1_15\" style=\"clear:both;\">\n  <div id=\"fscf_div_field1_15\" style=\"clear:left; float:left; width:99%; max-width:550px; margin-right:10px;\">\n    <div  id=\"fscf_label1_15\" style=\"text-align:left; padding-top:5px;\">\n    <\/div>\n    <div style=\"text-align:left;\">\n      <select style=\"text-align:left;\" id=\"fscf_field1_15\" name=\"RS[]\">\n        <option value=\"1\">R\u00fcckseite bedruckt nur Deckblatt in Grau<\/option>\n        <option value=\"2\">R\u00fcckseite bedruckt bei allen Bl\u00e4ttern in Grau<\/option>\n        <option value=\"3\">R\u00fcckseite bedruckt Sonstiges<\/option>\n        <option value=\"4\" selected=\"selected\">kein Druck auf der R\u00fcckseite<\/option>\n      <\/select>\n    <\/div>\n\n    <div style=\"clear:both;\"><\/div>\n<p>Buntfarben k\u00f6nnen HKS, Pantone \r\n<br> oder nach Wunsch angemischt sein<\/p>\n\n  <\/div>\n<\/div>\n\n<div id=\"fscf_div_clear1_21\" style=\"clear:both;\">\n  <div id=\"fscf_div_field1_21\" style=\"clear:left; float:left; width:99%; max-width:550px; margin-right:10px;\">\n    <div  id=\"fscf_label1_21\" style=\"text-align:left; padding-top:5px;\">\r\n      <label style=\"text-align:left;\" for=\"fscf_field1_21\">Verarbeitung und Heftung<\/label>\n    <\/div>\n    <div style=\"text-align:left;\">\n      <select style=\"text-align:left;\" id=\"fscf_field1_21\" name=\"Verarbeitung-und-Heftung[]\">\n        <option value=\"1\">f\u00fcr Endlospapier bitte ausw\u00e4hlen:<\/option>\n        <option value=\"2\">nur Crimpung (Standard)<\/option>\n        <option value=\"3\">Multiflex mit Crimpung<\/option>\n        <option value=\"4\">Empfehlung gew\u00fcnscht<\/option>\n      <\/select>\n    <\/div>\n  <\/div>\n<\/div>\n\n<div id=\"fscf_div_clear1_22\" style=\"clear:both;\">\n  <div id=\"fscf_div_field1_22\" style=\"clear:left; float:left; width:99%; max-width:550px; margin-right:10px;\">\n    <div  id=\"fscf_label1_22\" style=\"text-align:left; padding-top:5px;\">\n    <\/div>\n    <div style=\"text-align:left;\">\n      <select style=\"text-align:left;\" id=\"fscf_field1_22\" name=\"Perforation[]\">\n        <option value=\"1\">f\u00fcr Endlospapier bitte ausw\u00e4hlen<\/option>\n        <option value=\"2\">- Standard Strichperforation<\/option>\n        <option value=\"3\">- Microperforation<\/option>\n        <option value=\"4\">Empfehlung gew\u00fcnscht \/ wie stellen ein Muster<\/option>\n      <\/select>\n    <\/div>\n  <\/div>\n<\/div>\n\n<div id=\"fscf_div_clear1_16\" style=\"clear:both;\">\n  <div id=\"fscf_div_field1_16\" style=\"clear:left; float:left; width:99%; max-width:550px; margin-right:10px;\">\n    <div  id=\"fscf_label1_16\" style=\"text-align:left; padding-top:5px;\">\r\n      <label style=\"text-align:left;\" for=\"fscf_field1_16\">Auflage<span style=\"text-align:left;\">*<\/span><\/label>\n    <\/div>\n    <div style=\"text-align:left;\">\n      <input style=\"text-align:left; margin:0; width:99%; max-width:250px;\" type=\"text\" id=\"fscf_field1_16\" name=\"Auflage\" value=\"500 bis 100.000 S\u00e4tze\"  maxlength=\"25\" \/>\n    <\/div>\n  <\/div>\n<\/div>\n\n<div id=\"fscf_div_clear1_12\" style=\"clear:both;\">\n  <div id=\"fscf_div_field1_12\" style=\"clear:left; float:left; width:99%; max-width:550px; margin-right:10px;\">\n    <div  id=\"fscf_label1_12\" style=\"text-align:left; padding-top:5px;\">\r\n      <label style=\"text-align:left;\" for=\"fscf_field1_12\">Beschreibung oder Sonstiges<\/label>\n    <\/div>\n    <div style=\"text-align:left;\">\n      <textarea style=\"text-align:left; margin:0; width:99%; max-width:250px; height:120px;\" id=\"fscf_field1_12\" name=\"Beschreibung\" cols=\"30\" rows=\"10\" ><\/textarea>\n    <\/div>\n  <\/div>\n<\/div>\n\n<div id=\"fscf_div_clear1_13\" style=\"clear:both;\">\n  <div id=\"fscf_div_field1_13\" style=\"clear:left; float:left; width:99%; max-width:550px; margin-right:10px;\">\n    <div  id=\"fscf_label1_13\" style=\"text-align:left; padding-top:5px;\">\r\n      <label style=\"text-align:left;\" for=\"fscf_field1_13\">Datei-Upload (Foto, Entwurf, Druckdaten)<\/label>\n    <\/div>\n    <div style=\"text-align:left;\">\n      <input style=\"text-align:left; margin:0; width:99%; max-width:250px;\" type=\"file\" id=\"fscf_field1_13\" name=\"File\"  size=\"20\" \/><br \/>\n      <span id=\"fscf_hint_file_types1_13\" style=\"font-size:x-small; font-weight:normal;\">Acceptable file types: pdf,gif,jpg,jpeg,png.<br \/>Maximum file size: 10mb.<\/span>\n    <\/div>\n  <\/div>\n<\/div>\n\n<div id=\"fscf_div_clear1_19\" style=\"clear:both;\">\n  <div id=\"fscf_div_field1_19\" style=\"clear:left; float:left; width:99%; max-width:550px; margin-right:10px;\">\n    <div  id=\"fscf_label1_19\" style=\"text-align:left; padding-top:5px;\">\r\n      <label style=\"text-align:left;\" for=\"fscf_field1_19\">Druckvorlagen<span style=\"text-align:left;\">*<\/span><\/label>\n    <\/div>\n    <div style=\"text-align:left;\">\n      <select style=\"text-align:left;\" id=\"fscf_field1_19\" name=\"Vorlagen[]\">\n        <option value=\"1\">professionelle Druckdateien nach PDFx Norm<\/option>\n        <option value=\"2\">Papiervorlagen oder Muster zur Neuerstellung<\/option>\n        <option value=\"3\">Entw\u00fcrfe als Datei aus Office o.\u00e4.<\/option>\n        <option value=\"4\">keine Vorlage vorhanden oder erforderlich<\/option>\n      <\/select>\n    <\/div>\n  <\/div>\n<\/div>\r\n<div style=\"clear:both;\"><\/div>\n\n<div id=\"fscf_submit_div1\" style=\"text-align:left; clear:both; padding-top:15px;\">\r\n\t\t<input type=\"submit\" id=\"fscf_submit1\" style=\"cursor:pointer; margin:0;\" value=\"senden\"  onclick=\"this.disabled=true; this.value='Submitting...'; this.form.submit();\" \/> \n<\/div>\n\n<input type=\"hidden\" name=\"fscf_submitted\" value=\"0\" \/>\n<input type=\"hidden\" name=\"fs_postonce_1\" value=\"0e01c1ba72999f5b9ae4eb1183c24cff,1775404551\" \/>\n<input type=\"hidden\" name=\"si_contact_action\" value=\"send\" \/>\n<input type=\"hidden\" name=\"form_id\" value=\"1\" \/>\n<input type=\"hidden\" name=\"mailto_id\" value=\"1\" \/>\n\n<\/form>\n<\/div>\r\n<div style=\"clear:both;\"><\/div>\n\n<!-- Fast Secure Contact Form plugin 4.0.52 - end - FastSecureContactForm.com -->\n\n<\/div>\n<p><!--desc--><\/p>\n<p><!--content--><\/p>\n<p><!--images--><\/p>\n<\/div>\n","protected":false},"excerpt":{"rendered":"<p>Anfragem\u00f6glichkeiten Rufen Sie uns an: 0841-33408. Wir kennen alle g\u00e4ngigen Fragen und haben die Antworten. F\u00fcr Endlosformulare finden Sie hier Erkl\u00e4rungen und Informationen: FDS-INFO+Anfrage-PDF Schicken Sie uns einfach ein Muster &#8211;\u00a0 wir senden dann ein Angebot per email. Oder nutzen &hellip; <a href=\"https:\/\/www.formulardruck-schmid.de\/?page_id=18\">Weiterlesen <span class=\"meta-nav\">&rarr;<\/span><\/a><\/p>\n","protected":false},"author":2,"featured_media":0,"parent":0,"menu_order":0,"comment_status":"open","ping_status":"open","template":"","meta":{"footnotes":""},"class_list":["post-18","page","type-page","status-publish","hentry"],"_links":{"self":[{"href":"https:\/\/www.formulardruck-schmid.de\/index.php?rest_route=\/wp\/v2\/pages\/18","targetHints":{"allow":["GET"]}}],"collection":[{"href":"https:\/\/www.formulardruck-schmid.de\/index.php?rest_route=\/wp\/v2\/pages"}],"about":[{"href":"https:\/\/www.formulardruck-schmid.de\/index.php?rest_route=\/wp\/v2\/types\/page"}],"author":[{"embeddable":true,"href":"https:\/\/www.formulardruck-schmid.de\/index.php?rest_route=\/wp\/v2\/users\/2"}],"replies":[{"embeddable":true,"href":"https:\/\/www.formulardruck-schmid.de\/index.php?rest_route=%2Fwp%2Fv2%2Fcomments&post=18"}],"version-history":[{"count":15,"href":"https:\/\/www.formulardruck-schmid.de\/index.php?rest_route=\/wp\/v2\/pages\/18\/revisions"}],"predecessor-version":[{"id":184,"href":"https:\/\/www.formulardruck-schmid.de\/index.php?rest_route=\/wp\/v2\/pages\/18\/revisions\/184"}],"wp:attachment":[{"href":"https:\/\/www.formulardruck-schmid.de\/index.php?rest_route=%2Fwp%2Fv2%2Fmedia&parent=18"}],"curies":[{"name":"wp","href":"https:\/\/api.w.org\/{rel}","templated":true}]}}