{"id":20,"date":"2012-12-15T04:38:18","date_gmt":"2012-12-15T04:38:18","guid":{"rendered":"http:\/\/die-formularexperten.de\/?page_id=20"},"modified":"2012-12-15T05:24:34","modified_gmt":"2012-12-15T05:24:34","slug":"uber-die-firma","status":"publish","type":"page","link":"https:\/\/www.formulardruck-schmid.de\/?page_id=20","title":{"rendered":"\u00dcber die Firma"},"content":{"rendered":"<div id=\"images\">\n<div class=\"content\" style=\"padding-top:7px;padding-bottom:15px\">\n  <span class=\"faqhead\">\u00dcber die Firma<\/span><br \/>\n  <span class=\"faqdesc\">Der Spezialbetrieb zur Herstellung von Endlosformularen und Durchschreibes\u00e4tzen Formulardruck Schmid wurde von Bernhard Schmid gegr\u00fcndet. Er leitet die Firma pers\u00f6nlich und legt besonderen Wert darauf, dass er ein \u201emitarbeitender Chef\u201c ist. Dies kann er auch zurecht sagen, da er immer anwesend ist, die Angebote bearbeitet, montiert, Platten macht und vieles mehr. Seine Mitarbeiter sch\u00e4tzen ihren Chef als fair und kompetent, denn er wei\u00df immer was zu tun ist. <\/span><br \/>\n<span class=\"faqhead\">Kompetenz<\/span><br \/>\n<span class=\"faqdesc\">Nach seiner Ausbildung zum Offsetdrucker mit Auszeichnung der Landeshauptstadt M\u00fcnchen, hat Herr Schmid der 1946 in Ingolstadt geboren wurde eine weitere Ausbildung als Druckmaschinenbauer abgeschlossen. So hat er die F\u00e4higkeiten erlangt, die ihm  als Reisetechniker bei einem international renommierten Endlosdruckmaschinen Hersteller erfolgreich hat werden lassen. <br \/>\nZehn Jahre hat er die Welt bereist und viele Firmen in die Geheimnisse des Endlosdrucks eingewiesen und deren Erfolg befl\u00fcgelt. <br \/>\n1979 war das Jahr in dem er die Reisen hinter sich gelassen hat um nun auch sein K\u00f6nnen und Wissen \u00fcber Management und Wirtschaft, da\u00df er von den Bossen vieler Druckereien weltweit gelernt hat, in seiner eigenen Firma umzusetzen.<br \/>\n<\/span><\/p>\n<div style=\"float:right\"><a href=\"?page_id=65\">Weiter..<\/a><\/div>\n<div class=\"buttons\">\n<div class=\"buttonsbg\"><a href=\"?page_id=65\">Technik<\/a><\/div>\n<div class=\"buttonsbg\"><a href=\"?page_id=67\">Menschen<\/a><\/div>\n<div class=\"buttonsbg\"><a href=\"?page_id=69\">Papier<\/a><\/div>\n<div class=\"buttonsbg\"><a href=\"?page_id=71\">Qualit\u00e4t<\/a><\/div>\n<div class=\"buttonsbg\"><a href=\"?page_id=73\">fokus<\/a><\/div>\n<\/div>\n<p><!--BUTTONS-->\n<\/div>\n<p><!--content-->\n<\/div>\n<p><!--images--><\/p>\n","protected":false},"excerpt":{"rendered":"<p>\u00dcber die Firma Der Spezialbetrieb zur Herstellung von Endlosformularen und Durchschreibes\u00e4tzen Formulardruck Schmid wurde von Bernhard Schmid gegr\u00fcndet. Er leitet die Firma pers\u00f6nlich und legt besonderen Wert darauf, dass er ein \u201emitarbeitender Chef\u201c ist. Dies kann er auch zurecht sagen, &hellip; <a href=\"https:\/\/www.formulardruck-schmid.de\/?page_id=20\">Weiterlesen <span class=\"meta-nav\">&rarr;<\/span><\/a><\/p>\n","protected":false},"author":2,"featured_media":0,"parent":0,"menu_order":0,"comment_status":"open","ping_status":"open","template":"","meta":{"footnotes":""},"class_list":["post-20","page","type-page","status-publish","hentry"],"_links":{"self":[{"href":"https:\/\/www.formulardruck-schmid.de\/index.php?rest_route=\/wp\/v2\/pages\/20","targetHints":{"allow":["GET"]}}],"collection":[{"href":"https:\/\/www.formulardruck-schmid.de\/index.php?rest_route=\/wp\/v2\/pages"}],"about":[{"href":"https:\/\/www.formulardruck-schmid.de\/index.php?rest_route=\/wp\/v2\/types\/page"}],"author":[{"embeddable":true,"href":"https:\/\/www.formulardruck-schmid.de\/index.php?rest_route=\/wp\/v2\/users\/2"}],"replies":[{"embeddable":true,"href":"https:\/\/www.formulardruck-schmid.de\/index.php?rest_route=%2Fwp%2Fv2%2Fcomments&post=20"}],"version-history":[{"count":5,"href":"https:\/\/www.formulardruck-schmid.de\/index.php?rest_route=\/wp\/v2\/pages\/20\/revisions"}],"predecessor-version":[{"id":77,"href":"https:\/\/www.formulardruck-schmid.de\/index.php?rest_route=\/wp\/v2\/pages\/20\/revisions\/77"}],"wp:attachment":[{"href":"https:\/\/www.formulardruck-schmid.de\/index.php?rest_route=%2Fwp%2Fv2%2Fmedia&parent=20"}],"curies":[{"name":"wp","href":"https:\/\/api.w.org\/{rel}","templated":true}]}}