{"id":22,"date":"2012-12-15T04:38:34","date_gmt":"2012-12-15T04:38:34","guid":{"rendered":"http:\/\/die-formularexperten.de\/?page_id=22"},"modified":"2017-09-19T05:58:14","modified_gmt":"2017-09-19T05:58:14","slug":"f-a-q","status":"publish","type":"page","link":"https:\/\/www.formulardruck-schmid.de\/?page_id=22","title":{"rendered":"F.A.Q"},"content":{"rendered":"<div id=\"images\">\n<div class=\"content\" style=\"padding-top: 7px;\"><span class=\"faqhead\">F. A. Q. (Frequently Asked Questions)<\/span><br \/>\n<span class=\"faqdesc\">Wir haben hier f\u00fcr Sie die Antworten auf die am h\u00e4ufigsten gestellten Fragen zusammengestellt. <\/span><br \/>\n<span class=\"faqhead\">Kundenschutz f\u00fcr Gro\u00dfh\u00e4ndler:<\/span><br \/>\n<span class=\"faqdesc\">Wir garantieren absoluten Kundenschutz, d. h. wir treten ausschlie\u00dflich mit Ihnen in Verbindung. Der Verbraucher wird nie etwas von uns erfahren. <\/span><br \/>\n<span class=\"faqhead\">Direktversand:<\/span><br \/>\n<span class=\"faqdesc\">Wir sind auch im besonderen daf\u00fcr vorbereitet Sendungen direkt an den Verbraucher zu verschicken. Wir verwenden daf\u00fcr entweder gestellte Lieferscheine, oder unsere absolut neutralen Versanddokumente. Ausfallmuster erhalten Sie dann mit der Rechnung.<\/span><br \/>\n<span class=\"faqhead\">Daten:<\/span><br \/>\n<span class=\"faqdesc\">Wir ben\u00f6tigen f\u00fcr den Druck Daten f\u00fcr den Offsetdruck als PrePress PDF per mail.<\/span><br \/>\n<span class=\"faqhead\">Formate:<\/span><br \/>\n<span class=\"faqdesc\">Wir drucken alle g\u00e4ngigen Endlosformate. Zum Beispiel:<br \/>\nBreiten (incl. Trennleisten zwei mal 15mm): 24 cm; 15 cm; 25 cm; 33 cm; 37,5 cm &#8230;<br \/>\nH\u00f6hen: 12&#8243; (304,8 mm); 8&#8243; (203,2 mm); 6&#8243; (152,4 mm); 4&#8243; (101,6 mm)<br \/>\nBreite und H\u00f6he sind beliebig kombinierbar.<br \/>\n<\/span><\/p>\n<div style=\"float: right;\"><a href=\"?page_id=90\">Weiter..<\/a><\/div>\n<\/div>\n<p><!--content--><\/p>\n<\/div>\n<p><!--images--><\/p>\n","protected":false},"excerpt":{"rendered":"<p>F. A. Q. (Frequently Asked Questions) Wir haben hier f\u00fcr Sie die Antworten auf die am h\u00e4ufigsten gestellten Fragen zusammengestellt. Kundenschutz f\u00fcr Gro\u00dfh\u00e4ndler: Wir garantieren absoluten Kundenschutz, d. h. wir treten ausschlie\u00dflich mit Ihnen in Verbindung. Der Verbraucher wird nie &hellip; <a href=\"https:\/\/www.formulardruck-schmid.de\/?page_id=22\">Weiterlesen <span class=\"meta-nav\">&rarr;<\/span><\/a><\/p>\n","protected":false},"author":2,"featured_media":0,"parent":0,"menu_order":0,"comment_status":"open","ping_status":"open","template":"","meta":{"footnotes":""},"class_list":["post-22","page","type-page","status-publish","hentry"],"_links":{"self":[{"href":"https:\/\/www.formulardruck-schmid.de\/index.php?rest_route=\/wp\/v2\/pages\/22","targetHints":{"allow":["GET"]}}],"collection":[{"href":"https:\/\/www.formulardruck-schmid.de\/index.php?rest_route=\/wp\/v2\/pages"}],"about":[{"href":"https:\/\/www.formulardruck-schmid.de\/index.php?rest_route=\/wp\/v2\/types\/page"}],"author":[{"embeddable":true,"href":"https:\/\/www.formulardruck-schmid.de\/index.php?rest_route=\/wp\/v2\/users\/2"}],"replies":[{"embeddable":true,"href":"https:\/\/www.formulardruck-schmid.de\/index.php?rest_route=%2Fwp%2Fv2%2Fcomments&post=22"}],"version-history":[{"count":5,"href":"https:\/\/www.formulardruck-schmid.de\/index.php?rest_route=\/wp\/v2\/pages\/22\/revisions"}],"predecessor-version":[{"id":191,"href":"https:\/\/www.formulardruck-schmid.de\/index.php?rest_route=\/wp\/v2\/pages\/22\/revisions\/191"}],"wp:attachment":[{"href":"https:\/\/www.formulardruck-schmid.de\/index.php?rest_route=%2Fwp%2Fv2%2Fmedia&parent=22"}],"curies":[{"name":"wp","href":"https:\/\/api.w.org\/{rel}","templated":true}]}}