{"id":47,"date":"2012-12-15T05:06:57","date_gmt":"2012-12-15T05:06:57","guid":{"rendered":"http:\/\/die-formularexperten.de\/?page_id=47"},"modified":"2019-01-24T16:30:42","modified_gmt":"2019-01-24T16:30:42","slug":"endlosformulater","status":"publish","type":"page","link":"https:\/\/www.formulardruck-schmid.de\/?page_id=47","title":{"rendered":"Enlospapier und Endlosformulare"},"content":{"rendered":"<div id=\"images\">\n<div class=\"content\" style=\"padding-top: 7px; padding-bottom: 235px;\">\n<div class=\"productbtn\">\n<div class=\"productbtnbg\"><a href=\"?page_id=47\">Endlosformulare<\/a><\/div>\n<div class=\"productbtnbg\"><a href=\"?page_id=50\">Schnelltrenns\u00e4tze<\/a><\/div>\n<div class=\"productbtnbg\"><a href=\"?page_id=54\">Tr\u00e4gerbands\u00e4tze<\/a><\/div>\n<\/div>\n<div class=\"desc\" style=\"padding-left: 14px; line-height: 25px !important;\"><strong>Endlospapier mit Transportlochrand<\/strong><\/div>\n<div class=\"desc\" style=\"padding-left: 14px; line-height: 25px !important;\"><img loading=\"lazy\" decoding=\"async\" class=\"alignnone size-full wp-image-112\" title=\"Endlosformulare\" src=\"https:\/\/endlospapier.de\/wp-content\/uploads\/2012\/12\/sample3.jpg\" alt=\"Endlosformulare\" width=\"290\" height=\"148\" \/><\/div>\n<div class=\"desc\" style=\"padding-left: 14px; line-height: 25px !important;\">\u2022<strong> nur bei uns<\/strong>: US Original Rolle\/Rolle-Produktion<br \/>\n\u2022 <strong>nur bei uns<\/strong>: Crimpung der Laser-Klasse (Eigenentwicklung)<\/div>\n<div class=\"desc\" style=\"padding-left: 14px; line-height: 25px !important;\">\u00a0 <strong>billiger<\/strong>: die teure Multiflex-Heftung wird meistens nicht ben\u00f6tigt<\/div>\n<div class=\"desc\" style=\"padding-left: 14px; line-height: 25px !important;\">\n<div class=\"desc\">\u2022 <strong>besser<\/strong>: Heftung und Perforationen f\u00fcr st\u00e4rkste Beanspruchung<\/div>\n<\/div>\n<div class=\"desc\" style=\"padding-left: 14px; line-height: 25px !important;\">\u2022 <strong>besser<\/strong>: f\u00fcr \u00e4ltere und hochleistungs Nadeldrucker geeignet<br \/>\n\u2022 verlassen Sie sich auf unsere Erfahrung: <strong>Firmengr\u00fcndung 1979<\/strong><\/div>\n<div class=\"desc\" style=\"padding-left: 14px; line-height: 25px !important;\">\u2022 alle Angebote: incl. Versand; inkl. Datenpr\u00fcfung; inkl: Beleg-Muster<br \/>\n\u2022 Ein Beweis f\u00fcr unsere Qualit\u00e4t: wir liefern auf Rechnung mit Skonto<\/p>\n<p class=\"desc\"><strong><br \/>\nWir liefern Ihr Endlospapier:<\/strong><br \/>\n\u2022 unbedruck oder mit Vordruck<br \/>\n\u2022 bedruckt mit Ihrem Logo ohne Aufpreis (in Graustufen)<br \/>\n\u2022 selbstdurchschreibend oder naturpapier<br \/>\n\u2022 nach Ihren W\u00fcnschen angefertigt<br \/>\n\u2022 telefonischer Support gratis<br \/>\n\u2022 tagespreise telefonisch:0841-33408<br \/>\n\u2022 auch als Endfosformulare oder Endloss\u00e4tze bezeichnet<\/p>\n<p><a href=\"?page_id=18\"><strong>&gt;&gt; zum Anfrageformular &lt;&lt;<\/strong><\/a><\/p>\n<p class=\"desc\" style=\"text-align: left;\">Sie brauchen ein schnelles Angebot? Rufen Sie uns an, mailen<br \/>\nSie ein Foto oder &#8222;stecken&#8220; Sie ein Muster in die Post.<br \/>\nWir sprechen alle Details mit Ihnen durch und Sie<br \/>\nerhalten ein Angebot per Email.<\/p>\n<p class=\"desc\">Schnell und unkompliziert!<br \/>\n<strong>Telefon: 0841-33408<\/strong><br \/>\n<strong>mail@formulardruck-schmid.de<\/strong><br \/>\nSie sprechen direkt mit Herrn Matthias Schmid.<\/p>\n<\/div>\n<\/div>\n<\/div>\n<div><\/div>\n<div><\/div>\n<div>\n<h1><span style=\"color: #fefef0;\">Endlospapier,\u00a0Endlosformulare, Endlospapier<\/span><\/h1>\n<h2><span style=\"color: #fefef0;\">2-fach, Endlospapier 3-fach, Endlospapier, Computerformulare, staples , Otto Endlospapier, Sigel Endlosformulare, SD-S\u00e4tze, SD-S\u00e4tze 2-fach, 3-fach, 12&#8243; x 240, L\u00e4ngesperforation, Perforationen, Perforation, F\u00fchrungslochrand, blanko, viking, bartsch, megadruck, selbsdurchschreibend, durchschl\u00e4ge, 4-fach, 5-fach, sigel, 4-fach, blanko Endlospapier, 5-fach, karton, sigel Endlospapier, niceday computerpapier, 12&#8243;, x240, 12&#8243;x240, 12&#8243;x24, 305&#215;240, Sigel 12&#8243;, staples,\u00a0pack, blatt,\u00a0din, Ausf\u00fchrung, lieferzeit, lieberbar, Endlospapier, Otto tabellierpapier,\u00a0L\u00e4ngsperforation, selbstdurchschreibend, zick, zack, pack, blatt,\u00a0L\u00e4ngsperforation,\u00a0lieferbar,\u00a0zick, zack, pack, blatt,\u00a0L\u00e4ngsperforation, selbstdurchschreibend, zick, zack, pack, blatt,\u00a0\u00a0L\u00e4ngsperforation, selbstdurchschreibend, zick, zack, pack, blatt,\u00a0tabellierpapier, pack, din, ausf\u00fchrung, lieferzeit, lieberbar, 2000, pack, din, ausf\u00fchrung, lieferzeit, lieferbar, 2000,\u00a0Endlospapier,\u00a0Endlosformulare, Endlospapier 2-fach, 3-fach, blanko, Computerformulare, staples Endlospapier, Otto , Endlosformulare, SD-S\u00e4tze, SD-S\u00e4tze 2-fach, 3-fach, 12&#8243; x 240, L\u00e4ngesperforation, Perforationen, Perforation, F\u00fchrungslochrand, blanko, viking, bartsch, megadruck, selbsdurchschreibend, durchschl\u00e4ge, 4-fach, 5-fach, 4-fach, blanko, blanko, 5-fach, karton, sigel Endlospapier, niceday computerpapier, 12&#8243;, x240, 12&#8243;x240, 12&#8243;x24, 305&#215;240, Sigel 12&#8243;, staples Endlospapier,\u00a0lieferbar, Endlospapier,\u00a0Otto, L\u00e4ngsperforation, zick, zack, pack, blatt,\u00a0din, Ausf\u00fchrung, lieferzeit, lieferbar, 240,Otto, L\u00e4ngsperforation, zick, zack,\u00a0L\u00e4ngsperforation,\u00a0pack, blatt,\u00a0din, Ausf\u00fchrung, lieferzeit, lieberbar, 240,\u00a0zick, zack, pack, din, Ausf\u00fchrung, lieferzeit, lieberbar, 2000, Otto, L\u00e4ngsperforation, selbstdurchschreibend, zick, zack, pack, blatt,\u00a0din, Ausf\u00fchrung, lieferzeit, lieberbar, 240,\u00a0Endlospapier,\u00a0Endlosformulare, Endlospapier 2-fach, 3-fach, Computerformulare, otto, blanko, lieferbar, staples Endlospapier, Otto Endlospapier, Endlosformulare, zick, zack, pack, din, Ausf\u00fchrung, lieferzeit, lieferbar, 2000, pack, din, ausf\u00fchrung, lieferzeit, lieferbar, 2000,\u00a0SD-S\u00e4tze, SD-S\u00e4tze 2-fach, 3-fach, 12&#8243; x 240, L\u00e4ngesperforation, Perforationen, Perforation, F\u00fchrungslochrand, , blanko, viking, bartsch, otto,\u00a0L\u00e4ngsperforation, selbstdurchschreibend, zick, zack, pack, blatt,megadruck, selbsdurchschreibend, durchschl\u00e4ge, 4-fach, 5-fach, sigel, 4-fach, otto, blanko Endlospapier, sigel blanko, 5-fach, karton, sigel Endlospapier, niceday otto computerpapier, 12&#8243;, x240, 12&#8243;x240, 12&#8243;x24, 305&#215;240, 12&#8243;, tabellierpapier, staples Endlospapier, Endlospapier, Otto,<\/span><\/h2>\n<\/div>\n<div id=\"images\">\n<div class=\"content\" style=\"padding-top: 7px; padding-bottom: 235px;\">\n<div class=\"desc\" style=\"padding-left: 14px; line-height: 25px !important;\"><\/div>\n<div class=\"desc\" style=\"padding-left: 14px; line-height: 25px !important;\"><\/div>\n<div class=\"desc\" style=\"padding-left: 14px; line-height: 25px !important;\"><\/div>\n<div class=\"desc\" style=\"padding-left: 14px; line-height: 25px !important;\"><\/div>\n<div class=\"desc\" style=\"padding-left: 14px; line-height: 25px !important;\"><\/div>\n<div class=\"desc\" style=\"padding-left: 14px; line-height: 25px !important;\"><\/div>\n<div class=\"desc\" style=\"padding-left: 14px; line-height: 25px !important;\"><\/div>\n<div class=\"desc\" style=\"padding-left: 14px; line-height: 25px !important;\"><\/div>\n<div class=\"desc\" style=\"padding-left: 14px; line-height: 25px !important;\"><\/div>\n<div class=\"desc\" style=\"padding-left: 14px; line-height: 25px !important;\"><\/div>\n<div class=\"desc\" style=\"padding-left: 14px; line-height: 25px !important;\"><\/div>\n<div class=\"desc\" style=\"padding-left: 14px; line-height: 25px !important;\"><\/div>\n<\/div>\n<\/div>\n","protected":false},"excerpt":{"rendered":"<p>Endlosformulare Schnelltrenns\u00e4tze Tr\u00e4gerbands\u00e4tze Endlospapier mit Transportlochrand \u2022 nur bei uns: US Original Rolle\/Rolle-Produktion \u2022 nur bei uns: Crimpung der Laser-Klasse (Eigenentwicklung) \u00a0 billiger: die teure Multiflex-Heftung wird meistens nicht ben\u00f6tigt \u2022 besser: Heftung und Perforationen f\u00fcr st\u00e4rkste Beanspruchung \u2022 besser: &hellip; <a href=\"https:\/\/www.formulardruck-schmid.de\/?page_id=47\">Weiterlesen <span class=\"meta-nav\">&rarr;<\/span><\/a><\/p>\n","protected":false},"author":2,"featured_media":0,"parent":0,"menu_order":0,"comment_status":"open","ping_status":"open","template":"","meta":{"footnotes":""},"class_list":["post-47","page","type-page","status-publish","hentry"],"_links":{"self":[{"href":"https:\/\/www.formulardruck-schmid.de\/index.php?rest_route=\/wp\/v2\/pages\/47","targetHints":{"allow":["GET"]}}],"collection":[{"href":"https:\/\/www.formulardruck-schmid.de\/index.php?rest_route=\/wp\/v2\/pages"}],"about":[{"href":"https:\/\/www.formulardruck-schmid.de\/index.php?rest_route=\/wp\/v2\/types\/page"}],"author":[{"embeddable":true,"href":"https:\/\/www.formulardruck-schmid.de\/index.php?rest_route=\/wp\/v2\/users\/2"}],"replies":[{"embeddable":true,"href":"https:\/\/www.formulardruck-schmid.de\/index.php?rest_route=%2Fwp%2Fv2%2Fcomments&post=47"}],"version-history":[{"count":41,"href":"https:\/\/www.formulardruck-schmid.de\/index.php?rest_route=\/wp\/v2\/pages\/47\/revisions"}],"predecessor-version":[{"id":283,"href":"https:\/\/www.formulardruck-schmid.de\/index.php?rest_route=\/wp\/v2\/pages\/47\/revisions\/283"}],"wp:attachment":[{"href":"https:\/\/www.formulardruck-schmid.de\/index.php?rest_route=%2Fwp%2Fv2%2Fmedia&parent=47"}],"curies":[{"name":"wp","href":"https:\/\/api.w.org\/{rel}","templated":true}]}}