{"id":50,"date":"2012-12-15T05:07:39","date_gmt":"2012-12-15T05:07:39","guid":{"rendered":"http:\/\/die-formularexperten.de\/?page_id=50"},"modified":"2013-06-26T14:34:58","modified_gmt":"2013-06-26T14:34:58","slug":"schnelltrennsatze","status":"publish","type":"page","link":"https:\/\/www.formulardruck-schmid.de\/?page_id=50","title":{"rendered":"Schnelltrenns\u00e4tze"},"content":{"rendered":"<div id=\"images\">\n<div class=\"content\" style=\"padding-top: 7px; padding-bottom: 250px;\">\n<div class=\"productbtn\">\n<div class=\"productbtnbg\"><a href=\"?page_id=47\">Endlosformulare<\/a><\/div>\n<div class=\"productbtnbg\"><a href=\"?page_id=50\">Schnelltrenns\u00e4tze<\/a><\/div>\n<div class=\"productbtnbg\"><a href=\"?page_id=54\">Tr\u00e4gerbands\u00e4tze<\/a><\/div>\n<\/div>\n<div class=\"desc\" style=\"padding-left: 14px; line-height: 25px !important;\">Unsere Schnelltrenns\u00e4tze,<br \/>\nals Einzels\u00e4tze oder in Blocks,<br \/>\nmit oder ohne Trennleiste<br \/>\nauch als Snap Out Satz.<br \/>\nRufen Sie uns einfach an wir beraten Sie gerne.<br \/>\nTel: 08 41 \/ 3 34 08<\/div>\n<div class=\"desc\" style=\"padding-left: 14px; line-height: 25px !important;\"><\/div>\n<div class=\"desc\" style=\"padding-left: 14px; line-height: 25px !important;\"><img loading=\"lazy\" decoding=\"async\" class=\"alignnone size-full wp-image-115\" title=\"Snap-Out-Block\" src=\"https:\/\/endlospapier.de\/wp-content\/uploads\/2012\/12\/sample4.jpg\" alt=\"Snap-Out-Block\" width=\"290\" height=\"148\" \/><\/div>\n<p><!--desc--><\/p>\n<\/div>\n<\/div>\n","protected":false},"excerpt":{"rendered":"<p>Endlosformulare Schnelltrenns\u00e4tze Tr\u00e4gerbands\u00e4tze Unsere Schnelltrenns\u00e4tze, als Einzels\u00e4tze oder in Blocks, mit oder ohne Trennleiste auch als Snap Out Satz. Rufen Sie uns einfach an wir beraten Sie gerne. Tel: 08 41 \/ 3 34 08<\/p>\n","protected":false},"author":2,"featured_media":0,"parent":0,"menu_order":0,"comment_status":"open","ping_status":"open","template":"","meta":{"footnotes":""},"class_list":["post-50","page","type-page","status-publish","hentry"],"_links":{"self":[{"href":"https:\/\/www.formulardruck-schmid.de\/index.php?rest_route=\/wp\/v2\/pages\/50","targetHints":{"allow":["GET"]}}],"collection":[{"href":"https:\/\/www.formulardruck-schmid.de\/index.php?rest_route=\/wp\/v2\/pages"}],"about":[{"href":"https:\/\/www.formulardruck-schmid.de\/index.php?rest_route=\/wp\/v2\/types\/page"}],"author":[{"embeddable":true,"href":"https:\/\/www.formulardruck-schmid.de\/index.php?rest_route=\/wp\/v2\/users\/2"}],"replies":[{"embeddable":true,"href":"https:\/\/www.formulardruck-schmid.de\/index.php?rest_route=%2Fwp%2Fv2%2Fcomments&post=50"}],"version-history":[{"count":6,"href":"https:\/\/www.formulardruck-schmid.de\/index.php?rest_route=\/wp\/v2\/pages\/50\/revisions"}],"predecessor-version":[{"id":116,"href":"https:\/\/www.formulardruck-schmid.de\/index.php?rest_route=\/wp\/v2\/pages\/50\/revisions\/116"}],"wp:attachment":[{"href":"https:\/\/www.formulardruck-schmid.de\/index.php?rest_route=%2Fwp%2Fv2%2Fmedia&parent=50"}],"curies":[{"name":"wp","href":"https:\/\/api.w.org\/{rel}","templated":true}]}}