{"id":54,"date":"2012-12-15T05:08:32","date_gmt":"2012-12-15T05:08:32","guid":{"rendered":"http:\/\/die-formularexperten.de\/?page_id=54"},"modified":"2012-12-27T16:41:17","modified_gmt":"2012-12-27T16:41:17","slug":"tragerbandsatze","status":"publish","type":"page","link":"https:\/\/www.formulardruck-schmid.de\/?page_id=54","title":{"rendered":"Tr\u00e4gerbands\u00e4tze"},"content":{"rendered":"<div id=\"images\">\n<div class=\"content\" style=\"padding-top: 7px; padding-bottom: 300px;\">\n<div class=\"productbtn\">\n<div class=\"productbtnbg\"><a href=\"?page_id=47\">Endlosformulare<\/a><\/div>\n<div class=\"productbtnbg\"><a href=\"?page_id=50\">Schnelltrenns\u00e4tze<\/a><\/div>\n<div class=\"productbtnbg\"><a href=\"?page_id=54\">Tr\u00e4gerbands\u00e4tze<\/a><\/div>\n<\/div>\n<div class=\"desc\" style=\"padding-left: 14px; line-height: 25px !important;\">Unsere Tr\u00e4gerbands\u00e4tze,<br \/>\nim Prinzip ein Schnelltrennsatz auf ein Endlosformular geleimt.<br \/>\nRufen Sie uns einfach an, wir beraten Sie gerne.<br \/>\nTel: 08 41 \/ 3 34 08<\/div>\n<div class=\"desc\" style=\"padding-left: 14px; line-height: 25px !important;\"><a href=\"https:\/\/endlospapier.de\/wp-content\/uploads\/2012\/12\/sample5.jpg\"><img loading=\"lazy\" decoding=\"async\" class=\"alignnone size-full wp-image-118\" title=\"Tr\u00e4gerbandsatz\" src=\"https:\/\/endlospapier.de\/wp-content\/uploads\/2012\/12\/sample5.jpg\" alt=\"Tr\u00e4gerbandsatz\" width=\"290\" height=\"148\" \/><\/a><\/div>\n<p><!--desc--><\/p>\n<\/div>\n<p><!--content--><br \/>\n<!--images--><\/p>\n<\/div>\n","protected":false},"excerpt":{"rendered":"<p>Endlosformulare Schnelltrenns\u00e4tze Tr\u00e4gerbands\u00e4tze Unsere Tr\u00e4gerbands\u00e4tze, im Prinzip ein Schnelltrennsatz auf ein Endlosformular geleimt. Rufen Sie uns einfach an, wir beraten Sie gerne. Tel: 08 41 \/ 3 34 08<\/p>\n","protected":false},"author":2,"featured_media":0,"parent":0,"menu_order":0,"comment_status":"open","ping_status":"open","template":"","meta":{"footnotes":""},"class_list":["post-54","page","type-page","status-publish","hentry"],"_links":{"self":[{"href":"https:\/\/www.formulardruck-schmid.de\/index.php?rest_route=\/wp\/v2\/pages\/54","targetHints":{"allow":["GET"]}}],"collection":[{"href":"https:\/\/www.formulardruck-schmid.de\/index.php?rest_route=\/wp\/v2\/pages"}],"about":[{"href":"https:\/\/www.formulardruck-schmid.de\/index.php?rest_route=\/wp\/v2\/types\/page"}],"author":[{"embeddable":true,"href":"https:\/\/www.formulardruck-schmid.de\/index.php?rest_route=\/wp\/v2\/users\/2"}],"replies":[{"embeddable":true,"href":"https:\/\/www.formulardruck-schmid.de\/index.php?rest_route=%2Fwp%2Fv2%2Fcomments&post=54"}],"version-history":[{"count":7,"href":"https:\/\/www.formulardruck-schmid.de\/index.php?rest_route=\/wp\/v2\/pages\/54\/revisions"}],"predecessor-version":[{"id":122,"href":"https:\/\/www.formulardruck-schmid.de\/index.php?rest_route=\/wp\/v2\/pages\/54\/revisions\/122"}],"wp:attachment":[{"href":"https:\/\/www.formulardruck-schmid.de\/index.php?rest_route=%2Fwp%2Fv2%2Fmedia&parent=54"}],"curies":[{"name":"wp","href":"https:\/\/api.w.org\/{rel}","templated":true}]}}