{"id":65,"date":"2012-12-15T05:19:53","date_gmt":"2012-12-15T05:19:53","guid":{"rendered":"http:\/\/die-formularexperten.de\/?page_id=65"},"modified":"2012-12-15T05:34:05","modified_gmt":"2012-12-15T05:34:05","slug":"technik","status":"publish","type":"page","link":"https:\/\/www.formulardruck-schmid.de\/?page_id=65","title":{"rendered":"Technik"},"content":{"rendered":"<div id=\"images\">\n<div class=\"content\" style=\"padding-top:7px;padding-bottom:15px\">\n  <span class=\"faqhead\">Technik<\/span><\/p>\n<p class=\"faqdesc\">Die Maschinen die bei Formulardruck Schmid im Einsatz sind geh\u00f6ren zu den Besten Ihrer Art.<br \/>\nKnow How ist das Zauberwort das aus dem Besten etwas noch besseres werden l\u00e4sst. Zahlreiche Eigenentwicklungen haben die Leistungsf\u00e4higkeit der Maschinen auf die Spitze getrieben, innovative Techniken helfen den Druckern eine perfektes Produkt zu erzielen das so noch nicht da gewesen ist. Lasergeschnittene Farbmesser f\u00fchren zu reproduzierbaren Farbwerkseinstellungen, elektronische Papiersensoren melden Makulatur und Bahnenden. Die elektronische Bahnl\u00e4ngen Steuerung gibt reproduzierbare Werte f\u00fcr das Regeln der Papierbahnl\u00e4nge, welche f\u00fcr den Nadeldrucker des Verbrauchers und die Weiterverarbeitung von entscheidender Bedeutung sind.<br \/>\nSelbst bei kleinsten Auflagen wird bei Formulardruck Schmid \u201eRolle &#8211; Rolle\u201c produziert. Das hei\u00dft nach dem bedrucken der Papierbahn wird diese wieder aufgewickelt und im Rollencollatoren weiterverarbeitet. So ist eine perfekte Bahnl\u00e4ngenstabilit\u00e4t bis in die Klima-Kartons garantiert. <br \/>\nEin Highlight ist auch die original Formulardruck Schmid Laser geschnittene Tandem-Crimpung welche allen anderen Systemen \u00fcberlegen ist.<br \/>\nViele weitere gro\u00dfe und kleine Spezialit\u00e4ten machen die Produktion zur High Performance Produktion.<\/p>\n<div style=\"float:left\"><a href=\"?page_id=20\">&#8230;zur\u00fcck<\/a><\/div>\n<div style=\"float:right\"><a href=\"?page_id=67\">Weiter..<\/a><\/div>\n<\/p>\n<div class=\"buttons\">\n<div class=\"buttonsbg\"><a href=\"?page_id=65\">Technik<\/a><\/div>\n<div class=\"buttonsbg\"><a href=\"?page_id=67\">Menschen<\/a><\/div>\n<div class=\"buttonsbg\"><a href=\"?page_id=69\">Papier<\/a><\/div>\n<div class=\"buttonsbg\"><a href=\"?page_id=71\">Qualit\u00e4t<\/a><\/div>\n<div class=\"buttonsbg\"><a href=\"?page_id=73\">fokus<\/a><\/div>\n<\/div>\n<p><!--BUTTONS-->\n<\/div>\n<p><!--content-->\n<\/div>\n<p><!--images--><\/p>\n","protected":false},"excerpt":{"rendered":"<p>Technik Die Maschinen die bei Formulardruck Schmid im Einsatz sind geh\u00f6ren zu den Besten Ihrer Art. Know How ist das Zauberwort das aus dem Besten etwas noch besseres werden l\u00e4sst. Zahlreiche Eigenentwicklungen haben die Leistungsf\u00e4higkeit der Maschinen auf die Spitze &hellip; <a href=\"https:\/\/www.formulardruck-schmid.de\/?page_id=65\">Weiterlesen <span class=\"meta-nav\">&rarr;<\/span><\/a><\/p>\n","protected":false},"author":2,"featured_media":0,"parent":0,"menu_order":0,"comment_status":"open","ping_status":"open","template":"","meta":{"footnotes":""},"class_list":["post-65","page","type-page","status-publish","hentry"],"_links":{"self":[{"href":"https:\/\/www.formulardruck-schmid.de\/index.php?rest_route=\/wp\/v2\/pages\/65","targetHints":{"allow":["GET"]}}],"collection":[{"href":"https:\/\/www.formulardruck-schmid.de\/index.php?rest_route=\/wp\/v2\/pages"}],"about":[{"href":"https:\/\/www.formulardruck-schmid.de\/index.php?rest_route=\/wp\/v2\/types\/page"}],"author":[{"embeddable":true,"href":"https:\/\/www.formulardruck-schmid.de\/index.php?rest_route=\/wp\/v2\/users\/2"}],"replies":[{"embeddable":true,"href":"https:\/\/www.formulardruck-schmid.de\/index.php?rest_route=%2Fwp%2Fv2%2Fcomments&post=65"}],"version-history":[{"count":4,"href":"https:\/\/www.formulardruck-schmid.de\/index.php?rest_route=\/wp\/v2\/pages\/65\/revisions"}],"predecessor-version":[{"id":85,"href":"https:\/\/www.formulardruck-schmid.de\/index.php?rest_route=\/wp\/v2\/pages\/65\/revisions\/85"}],"wp:attachment":[{"href":"https:\/\/www.formulardruck-schmid.de\/index.php?rest_route=%2Fwp%2Fv2%2Fmedia&parent=65"}],"curies":[{"name":"wp","href":"https:\/\/api.w.org\/{rel}","templated":true}]}}