{"id":67,"date":"2012-12-15T05:20:20","date_gmt":"2012-12-15T05:20:20","guid":{"rendered":"http:\/\/die-formularexperten.de\/?page_id=67"},"modified":"2012-12-15T05:35:26","modified_gmt":"2012-12-15T05:35:26","slug":"menschen","status":"publish","type":"page","link":"https:\/\/www.formulardruck-schmid.de\/?page_id=67","title":{"rendered":"Menschen"},"content":{"rendered":"<div id=\"images\">\n<div class=\"content\" style=\"padding-top:7px;padding-bottom:140px\">\n  <span class=\"faqhead\">Menschen machen Fehler!<\/span><\/p>\n<p class=\"faqdesc\">Aber die Drucker von Formulardruck Schmid sind in dieser Beziehung unmenschlich. Dadurch das sie alle von Herrn Schmid pers\u00f6nlich ausgebildet wurden und im Durchschnitt schon seit \u00fcber zehn Jahren f\u00fcr die Firma arbeiten haben sie viel Erfahrung, welche Fehler absolut minimiert. Sie kennen Ihre Maschine, ihr Papier und auch die hohen Anspr\u00fcche der Kunden. <br \/>Sollte doch einmal etwas nicht so sein wie es sein sollte, greift die Qualit\u00e4tskontrolle ein und l\u00e4sst den Auftrag neu produzieren. So bleibt das Ergebnis immer optimal.<\/p>\n<div style=\"float:left\"><a href=\"?page_id=65\">&#8230;zur\u00fcck<\/a><\/div>\n<div style=\"float:right\"><a href=\"?page_id=69\">Weiter..<\/a><\/div>\n<\/p>\n<div class=\"buttons\">\n<div class=\"buttonsbg\"><a href=\"?page_id=65\">Technik<\/a><\/div>\n<div class=\"buttonsbg\"><a href=\"?page_id=67\">Menschen<\/a><\/div>\n<div class=\"buttonsbg\"><a href=\"?page_id=69\">Papier<\/a><\/div>\n<div class=\"buttonsbg\"><a href=\"?page_id=71\">Qualit\u00e4t<\/a><\/div>\n<div class=\"buttonsbg\"><a href=\"?page_id=73\">fokus<\/a><\/div>\n<\/div>\n<p><!--BUTTONS-->\n<\/div>\n<p><!--content-->\n<\/div>\n<p><!--images--><\/p>\n","protected":false},"excerpt":{"rendered":"<p>Menschen machen Fehler! Aber die Drucker von Formulardruck Schmid sind in dieser Beziehung unmenschlich. Dadurch das sie alle von Herrn Schmid pers\u00f6nlich ausgebildet wurden und im Durchschnitt schon seit \u00fcber zehn Jahren f\u00fcr die Firma arbeiten haben sie viel Erfahrung, &hellip; <a href=\"https:\/\/www.formulardruck-schmid.de\/?page_id=67\">Weiterlesen <span class=\"meta-nav\">&rarr;<\/span><\/a><\/p>\n","protected":false},"author":2,"featured_media":0,"parent":0,"menu_order":0,"comment_status":"open","ping_status":"open","template":"","meta":{"footnotes":""},"class_list":["post-67","page","type-page","status-publish","hentry"],"_links":{"self":[{"href":"https:\/\/www.formulardruck-schmid.de\/index.php?rest_route=\/wp\/v2\/pages\/67","targetHints":{"allow":["GET"]}}],"collection":[{"href":"https:\/\/www.formulardruck-schmid.de\/index.php?rest_route=\/wp\/v2\/pages"}],"about":[{"href":"https:\/\/www.formulardruck-schmid.de\/index.php?rest_route=\/wp\/v2\/types\/page"}],"author":[{"embeddable":true,"href":"https:\/\/www.formulardruck-schmid.de\/index.php?rest_route=\/wp\/v2\/users\/2"}],"replies":[{"embeddable":true,"href":"https:\/\/www.formulardruck-schmid.de\/index.php?rest_route=%2Fwp%2Fv2%2Fcomments&post=67"}],"version-history":[{"count":3,"href":"https:\/\/www.formulardruck-schmid.de\/index.php?rest_route=\/wp\/v2\/pages\/67\/revisions"}],"predecessor-version":[{"id":86,"href":"https:\/\/www.formulardruck-schmid.de\/index.php?rest_route=\/wp\/v2\/pages\/67\/revisions\/86"}],"wp:attachment":[{"href":"https:\/\/www.formulardruck-schmid.de\/index.php?rest_route=%2Fwp%2Fv2%2Fmedia&parent=67"}],"curies":[{"name":"wp","href":"https:\/\/api.w.org\/{rel}","templated":true}]}}