{"id":71,"date":"2012-12-15T05:21:27","date_gmt":"2012-12-15T05:21:27","guid":{"rendered":"http:\/\/die-formularexperten.de\/?page_id=71"},"modified":"2012-12-15T05:38:57","modified_gmt":"2012-12-15T05:38:57","slug":"qualitat1","status":"publish","type":"page","link":"https:\/\/www.formulardruck-schmid.de\/?page_id=71","title":{"rendered":"Qualit\u00e4t1"},"content":{"rendered":"<div id=\"images\">\n<div class=\"content\" style=\"padding-top:7px;padding-bottom:85px\">\n  <span class=\"faqhead\">Qualit\u00e4t ist preiswert!<\/span><\/p>\n<p class=\"faqdesc\">Diese Philosophie von Formulardruck Schmid sch\u00e4tzen die vielen Stammkunden in ganz Deutschland. <br \/>&#8222;Wer Qualit\u00e4t liefert hat keine Reklamationen; Reklamationen sind teuer und das k\u00f6nnen wir uns nicht leisten!\u201c  <br \/>Aber das allein reicht heute nicht mehr. Die Tatsache das alle Reparaturen im Haus durch Herrn Schmid pers\u00f6nlich durchgef\u00fchrt werden ist ein Vorteil in Sachen Preis und Leistung. Die Maschinen werden mit jeder Reparatur nicht schlechter sonder meist besser. Wirtschaftlichkeit und eine solide Finanzplanung machen die Firma so robust, dass sie dem Preiskampf am Markt wiederstehen kann ohne teuer oder defizit\u00e4r zu sein.   <\/p>\n<div style=\"float:left\"><a href=\"?page_id=69\">&#8230;zur\u00fcck<\/a><\/div>\n<div style=\"float:right\"><a href=\"?page_id=73\">Weiter..<\/a><\/div>\n<\/p>\n<div class=\"buttons\">\n<div class=\"buttonsbg\"><a href=\"?page_id=65\">Technik<\/a><\/div>\n<div class=\"buttonsbg\"><a href=\"?page_id=67\">Menschen<\/a><\/div>\n<div class=\"buttonsbg\"><a href=\"?page_id=69\">Papier<\/a><\/div>\n<div class=\"buttonsbg\"><a href=\"?page_id=71\">Qualit\u00e4t<\/a><\/div>\n<div class=\"buttonsbg\"><a href=\"?page_id=73\">fokus<\/a><\/div>\n<\/div>\n<p><!--BUTTONS-->\n<\/div>\n<p><!--content-->\n<\/div>\n<p><!--images--><\/p>\n","protected":false},"excerpt":{"rendered":"<p>Qualit\u00e4t ist preiswert! Diese Philosophie von Formulardruck Schmid sch\u00e4tzen die vielen Stammkunden in ganz Deutschland. &#8222;Wer Qualit\u00e4t liefert hat keine Reklamationen; Reklamationen sind teuer und das k\u00f6nnen wir uns nicht leisten!\u201c Aber das allein reicht heute nicht mehr. Die Tatsache &hellip; <a href=\"https:\/\/www.formulardruck-schmid.de\/?page_id=71\">Weiterlesen <span class=\"meta-nav\">&rarr;<\/span><\/a><\/p>\n","protected":false},"author":2,"featured_media":0,"parent":0,"menu_order":0,"comment_status":"open","ping_status":"open","template":"","meta":{"footnotes":""},"class_list":["post-71","page","type-page","status-publish","hentry"],"_links":{"self":[{"href":"https:\/\/www.formulardruck-schmid.de\/index.php?rest_route=\/wp\/v2\/pages\/71","targetHints":{"allow":["GET"]}}],"collection":[{"href":"https:\/\/www.formulardruck-schmid.de\/index.php?rest_route=\/wp\/v2\/pages"}],"about":[{"href":"https:\/\/www.formulardruck-schmid.de\/index.php?rest_route=\/wp\/v2\/types\/page"}],"author":[{"embeddable":true,"href":"https:\/\/www.formulardruck-schmid.de\/index.php?rest_route=\/wp\/v2\/users\/2"}],"replies":[{"embeddable":true,"href":"https:\/\/www.formulardruck-schmid.de\/index.php?rest_route=%2Fwp%2Fv2%2Fcomments&post=71"}],"version-history":[{"count":4,"href":"https:\/\/www.formulardruck-schmid.de\/index.php?rest_route=\/wp\/v2\/pages\/71\/revisions"}],"predecessor-version":[{"id":88,"href":"https:\/\/www.formulardruck-schmid.de\/index.php?rest_route=\/wp\/v2\/pages\/71\/revisions\/88"}],"wp:attachment":[{"href":"https:\/\/www.formulardruck-schmid.de\/index.php?rest_route=%2Fwp%2Fv2%2Fmedia&parent=71"}],"curies":[{"name":"wp","href":"https:\/\/api.w.org\/{rel}","templated":true}]}}