{"id":73,"date":"2012-12-15T05:22:05","date_gmt":"2012-12-15T05:22:05","guid":{"rendered":"http:\/\/die-formularexperten.de\/?page_id=73"},"modified":"2012-12-15T05:39:51","modified_gmt":"2012-12-15T05:39:51","slug":"fokus","status":"publish","type":"page","link":"https:\/\/www.formulardruck-schmid.de\/?page_id=73","title":{"rendered":"Fokus"},"content":{"rendered":"<div id=\"images\">\n<div class=\"content\" style=\"padding-top:7px;padding-bottom:135px\">\n  <span class=\"faqhead\">\u201eEndlosformulare im Fokus\u201c<\/span><\/p>\n<p class=\"faqdesc\">Das Konzept von Herrn Schmid: Spezialbetrieb f\u00fcr die Herstellung von Endlosformularen, mit nur einem Minimum an weiteren Produkten, ist aufgegangen und der Erfolg gibt ihm recht.<br \/>Sein kleiner Betrieb ist schlank und wirtschaftlich, er kann den Druckereien und Druck-Service B\u00fcros sein Produkt zu Wiederverk\u00e4ufer-Preisen anbieten, damit auch diese noch wirtschaftlich verkaufen k\u00f6nnen. <br \/>Denn die Kunden sind der Au\u00dfendienst und diese behalten dadurch wiederum ihre Kunden im vollem Lieferumfang, \u201eEnd to End Service\u201c. <\/p>\n<div style=\"float:left\"><a href=\"?page_id=71\">&#8230;zur\u00fcck<\/a><\/div>\n<\/p>\n<div class=\"buttons\">\n<div class=\"buttonsbg\"><a href=\"?page_id=65\">Technik<\/a><\/div>\n<div class=\"buttonsbg\"><a href=\"?page_id=67\">Menschen<\/a><\/div>\n<div class=\"buttonsbg\"><a href=\"?page_id=69\">Papier<\/a><\/div>\n<div class=\"buttonsbg\"><a href=\"?page_id=71\">Qualit\u00e4t<\/a><\/div>\n<div class=\"buttonsbg\"><a href=\"?page_id=73\">fokus<\/a><\/div>\n<\/div>\n<p><!--BUTTONS-->\n<\/div>\n<p><!--content-->\n<\/div>\n<p><!--images--><\/p>\n","protected":false},"excerpt":{"rendered":"<p>\u201eEndlosformulare im Fokus\u201c Das Konzept von Herrn Schmid: Spezialbetrieb f\u00fcr die Herstellung von Endlosformularen, mit nur einem Minimum an weiteren Produkten, ist aufgegangen und der Erfolg gibt ihm recht.Sein kleiner Betrieb ist schlank und wirtschaftlich, er kann den Druckereien und &hellip; <a href=\"https:\/\/www.formulardruck-schmid.de\/?page_id=73\">Weiterlesen <span class=\"meta-nav\">&rarr;<\/span><\/a><\/p>\n","protected":false},"author":2,"featured_media":0,"parent":0,"menu_order":0,"comment_status":"open","ping_status":"open","template":"","meta":{"footnotes":""},"class_list":["post-73","page","type-page","status-publish","hentry"],"_links":{"self":[{"href":"https:\/\/www.formulardruck-schmid.de\/index.php?rest_route=\/wp\/v2\/pages\/73","targetHints":{"allow":["GET"]}}],"collection":[{"href":"https:\/\/www.formulardruck-schmid.de\/index.php?rest_route=\/wp\/v2\/pages"}],"about":[{"href":"https:\/\/www.formulardruck-schmid.de\/index.php?rest_route=\/wp\/v2\/types\/page"}],"author":[{"embeddable":true,"href":"https:\/\/www.formulardruck-schmid.de\/index.php?rest_route=\/wp\/v2\/users\/2"}],"replies":[{"embeddable":true,"href":"https:\/\/www.formulardruck-schmid.de\/index.php?rest_route=%2Fwp%2Fv2%2Fcomments&post=73"}],"version-history":[{"count":3,"href":"https:\/\/www.formulardruck-schmid.de\/index.php?rest_route=\/wp\/v2\/pages\/73\/revisions"}],"predecessor-version":[{"id":89,"href":"https:\/\/www.formulardruck-schmid.de\/index.php?rest_route=\/wp\/v2\/pages\/73\/revisions\/89"}],"wp:attachment":[{"href":"https:\/\/www.formulardruck-schmid.de\/index.php?rest_route=%2Fwp%2Fv2%2Fmedia&parent=73"}],"curies":[{"name":"wp","href":"https:\/\/api.w.org\/{rel}","templated":true}]}}