{"id":90,"date":"2012-12-15T05:52:31","date_gmt":"2012-12-15T05:52:31","guid":{"rendered":"http:\/\/die-formularexperten.de\/?page_id=90"},"modified":"2017-09-19T06:00:40","modified_gmt":"2017-09-19T06:00:40","slug":"faq2","status":"publish","type":"page","link":"https:\/\/www.formulardruck-schmid.de\/?page_id=90","title":{"rendered":"faq2"},"content":{"rendered":"<div id=\"images\">\n<div class=\"content\"><span class=\"faqhead\">Lieferzeit:<\/span><br \/>\n<span class=\"faqdesc\">In der Regel in 4 &#8211; 6 Werktage f\u00fcr Endlosformulare, etwa 10 Werktage f\u00fcr Schnelltrenns\u00e4tze, nach Eingang der vollst\u00e4ndigen Unterlagen, meist aber fr\u00fcher. Eilige Auftr\u00e4ge werden von uns bevorzugt behandelt, wir bitten um R\u00fccksprache. <\/span><br \/>\n<span class=\"faqhead\">Perforationen:<\/span><br \/>\n<span class=\"faqdesc\">Die Microperforatin ist eine Besonders feine, kaum sichtbare Perforation f\u00fcr z. B. Briefb\u00f6gen. Die Standard-Strich-Perforation ist der Klassiker f\u00fcr alle Formulare wie Rechnungen und Lieferscheine. Sonderperforationen sind in den verschiedensten Varianten m\u00f6glich, z. b. f\u00fcr \u00dcberweisungstr\u00e4ger. <\/span><br \/>\n<span class=\"faqhead\">Anfragen:<\/span><br \/>\n<span class=\"faqdesc\"><span class=\"faqdesc\">Wir ben\u00f6tigen mindesten Informationen \u00fcber: Auflage; Anzahl der Bl\u00e4tter; Format; ben\u00f6tigte Druckplatten; Anzahl der Farben; Papier; mit oder ohne Multiflexhefung.<br \/>\n<\/span><\/span>Unser <a href=\"?page_id=54\"> Anfrageformular <\/a>stellt hier eine gute Hilfe dar.<\/p>\n<p><span class=\"faqhead\">Sollten Sie noch weitere Fragen haben z\u00f6gern Sie nicht uns anzurufen<br \/>\nTel: 08 41 \/ 3 34 08 !<\/span><\/p>\n<\/div>\n<p><!--content--><\/p>\n<div style=\"float: right; padding-top: 24px; clear: both; padding-right: 49px;\"><a href=\"?page_id=22 \">&#8230; zur\u00fcck.<\/a><\/div>\n<\/div>\n<p><!--images--><\/p>\n","protected":false},"excerpt":{"rendered":"<p>Lieferzeit: In der Regel in 4 &#8211; 6 Werktage f\u00fcr Endlosformulare, etwa 10 Werktage f\u00fcr Schnelltrenns\u00e4tze, nach Eingang der vollst\u00e4ndigen Unterlagen, meist aber fr\u00fcher. Eilige Auftr\u00e4ge werden von uns bevorzugt behandelt, wir bitten um R\u00fccksprache. Perforationen: Die Microperforatin ist eine &hellip; <a href=\"https:\/\/www.formulardruck-schmid.de\/?page_id=90\">Weiterlesen <span class=\"meta-nav\">&rarr;<\/span><\/a><\/p>\n","protected":false},"author":2,"featured_media":0,"parent":0,"menu_order":0,"comment_status":"open","ping_status":"open","template":"","meta":{"footnotes":""},"class_list":["post-90","page","type-page","status-publish","hentry"],"_links":{"self":[{"href":"https:\/\/www.formulardruck-schmid.de\/index.php?rest_route=\/wp\/v2\/pages\/90","targetHints":{"allow":["GET"]}}],"collection":[{"href":"https:\/\/www.formulardruck-schmid.de\/index.php?rest_route=\/wp\/v2\/pages"}],"about":[{"href":"https:\/\/www.formulardruck-schmid.de\/index.php?rest_route=\/wp\/v2\/types\/page"}],"author":[{"embeddable":true,"href":"https:\/\/www.formulardruck-schmid.de\/index.php?rest_route=\/wp\/v2\/users\/2"}],"replies":[{"embeddable":true,"href":"https:\/\/www.formulardruck-schmid.de\/index.php?rest_route=%2Fwp%2Fv2%2Fcomments&post=90"}],"version-history":[{"count":4,"href":"https:\/\/www.formulardruck-schmid.de\/index.php?rest_route=\/wp\/v2\/pages\/90\/revisions"}],"predecessor-version":[{"id":193,"href":"https:\/\/www.formulardruck-schmid.de\/index.php?rest_route=\/wp\/v2\/pages\/90\/revisions\/193"}],"wp:attachment":[{"href":"https:\/\/www.formulardruck-schmid.de\/index.php?rest_route=%2Fwp%2Fv2%2Fmedia&parent=90"}],"curies":[{"name":"wp","href":"https:\/\/api.w.org\/{rel}","templated":true}]}}